{"id":1429,"date":"2020-09-30T10:26:43","date_gmt":"2020-09-30T09:26:43","guid":{"rendered":"http:\/\/gea.eus\/?page_id=1429"},"modified":"2020-12-23T11:42:12","modified_gmt":"2020-12-23T10:42:12","slug":"mantenimiento","status":"publish","type":"page","link":"http:\/\/gea.eus\/es\/mantenimiento\/","title":{"rendered":"Mantenimiento"},"content":{"rendered":"\t\t<div data-elementor-type=\"wp-page\" data-elementor-id=\"1429\" class=\"elementor elementor-1429 elementor-1271\" data-elementor-settings=\"[]\">\n\t\t\t<div class=\"elementor-inner\">\n\t\t\t\t<div class=\"elementor-section-wrap\">\n\t\t\t\t\t\t\t<section class=\"elementor-element elementor-element-4dc94761 elementor-section-full_width elementor-section-height-default elementor-section-height-default elementor-section elementor-top-section\" data-id=\"4dc94761\" data-element_type=\"section\" data-settings=\"{&quot;background_background&quot;:&quot;classic&quot;,&quot;shape_divider_bottom&quot;:&quot;triangle-asymmetrical&quot;,&quot;shape_divider_bottom_negative&quot;:&quot;yes&quot;}\">\n\t\t\t\t\t\t\t<div class=\"elementor-background-overlay\"><\/div>\n\t\t\t\t\t\t<div class=\"elementor-shape elementor-shape-bottom\" data-negative=\"true\">\n\t\t\t<svg xmlns=\"http:\/\/www.w3.org\/2000\/svg\" viewBox=\"0 0 1000 100\" preserveAspectRatio=\"none\">\n\t<path class=\"elementor-shape-fill\" d=\"M737.9,94.7L0,0v100h1000V0L737.9,94.7z\"\/>\n<\/svg>\t\t<\/div>\n\t\t\t\t\t<div class=\"elementor-container elementor-column-gap-default\">\n\t\t\t\t<div class=\"elementor-row\">\n\t\t\t\t<div class=\"elementor-element elementor-element-6eeea432 elementor-column elementor-col-100 elementor-top-column\" data-id=\"6eeea432\" data-element_type=\"column\">\n\t\t\t<div class=\"elementor-column-wrap  elementor-element-populated\">\n\t\t\t\t\t<div class=\"elementor-widget-wrap\">\n\t\t\t\t<div class=\"elementor-element elementor-element-487368bb elementor-widget elementor-widget-heading\" data-id=\"487368bb\" data-element_type=\"widget\" data-widget_type=\"heading.default\">\n\t\t\t\t<div class=\"elementor-widget-container\">\n\t\t\t<h2 class=\"elementor-heading-title elementor-size-default\">MANTENIMIENTO<\/h2>\t\t<\/div>\n\t\t\t\t<\/div>\n\t\t\t\t<div class=\"elementor-element elementor-element-6ab83131 elementor-widget elementor-widget-text-editor\" data-id=\"6ab83131\" data-element_type=\"widget\" data-widget_type=\"text-editor.default\">\n\t\t\t\t<div class=\"elementor-widget-container\">\n\t\t\t\t\t<div class=\"elementor-text-editor elementor-clearfix\"><p>Adem\u00e1s de los modelos nuevos, realizamos el mantenimiento y las transformaciones y reparaciones de los anteriores.<\/p><\/div>\n\t\t\t\t<\/div>\n\t\t\t\t<\/div>\n\t\t\t\t\t\t<\/div>\n\t\t\t<\/div>\n\t\t<\/div>\n\t\t\t\t\t\t<\/div>\n\t\t\t<\/div>\n\t\t<\/section>\n\t\t\t\t<section class=\"elementor-element elementor-element-3b265bf9 elementor-section-content-middle elementor-section-boxed elementor-section-height-default elementor-section-height-default elementor-section elementor-top-section\" data-id=\"3b265bf9\" data-element_type=\"section\">\n\t\t\t\t\t\t<div class=\"elementor-container elementor-column-gap-default\">\n\t\t\t\t<div class=\"elementor-row\">\n\t\t\t\t<div class=\"elementor-element elementor-element-159ebf38 elementor-column elementor-col-50 elementor-top-column\" data-id=\"159ebf38\" data-element_type=\"column\">\n\t\t\t<div class=\"elementor-column-wrap  elementor-element-populated\">\n\t\t\t\t\t<div class=\"elementor-widget-wrap\">\n\t\t\t\t<div class=\"elementor-element elementor-element-11a96802 elementor-widget elementor-widget-image\" data-id=\"11a96802\" data-element_type=\"widget\" data-widget_type=\"image.default\">\n\t\t\t\t<div class=\"elementor-widget-container\">\n\t\t\t\t\t<div class=\"elementor-image\">\n\t\t\t\t\t\t\t\t\t\t<img width=\"1024\" height=\"510\" src=\"http:\/\/gea.eus\/wp-content\/uploads\/2020\/12\/mantenu-lanak-1024x510.jpg\" class=\"attachment-large size-large\" alt=\"\" decoding=\"async\" loading=\"lazy\" srcset=\"http:\/\/gea.eus\/wp-content\/uploads\/2020\/12\/mantenu-lanak-1024x510.jpg 1024w, http:\/\/gea.eus\/wp-content\/uploads\/2020\/12\/mantenu-lanak-300x149.jpg 300w, http:\/\/gea.eus\/wp-content\/uploads\/2020\/12\/mantenu-lanak-768x383.jpg 768w, http:\/\/gea.eus\/wp-content\/uploads\/2020\/12\/mantenu-lanak-1536x765.jpg 1536w, http:\/\/gea.eus\/wp-content\/uploads\/2020\/12\/mantenu-lanak-2048x1020.jpg 2048w, http:\/\/gea.eus\/wp-content\/uploads\/2020\/12\/mantenu-lanak-1000x498.jpg 1000w\" sizes=\"(max-width: 1024px) 100vw, 1024px\" \/>\t\t\t\t\t\t\t\t\t\t\t<\/div>\n\t\t\t\t<\/div>\n\t\t\t\t<\/div>\n\t\t\t\t\t\t<\/div>\n\t\t\t<\/div>\n\t\t<\/div>\n\t\t\t\t<div class=\"elementor-element elementor-element-63c84aee elementor-column elementor-col-50 elementor-top-column\" data-id=\"63c84aee\" data-element_type=\"column\">\n\t\t\t<div class=\"elementor-column-wrap  elementor-element-populated\">\n\t\t\t\t\t<div class=\"elementor-widget-wrap\">\n\t\t\t\t<div class=\"elementor-element elementor-element-56c17b7e elementor-widget elementor-widget-text-editor\" data-id=\"56c17b7e\" data-element_type=\"widget\" data-widget_type=\"text-editor.default\">\n\t\t\t\t<div class=\"elementor-widget-container\">\n\t\t\t\t\t<div class=\"elementor-text-editor elementor-clearfix\"><p>Realizamos cambios en los modelos de dise\u00f1o, medida, alimentaci\u00f3n, para as\u00ed aprovechar el modelo anterior y adaptarlo a las nuevas necesidades.<\/p><p>Tambi\u00e9n reparamos modelos obsoletos o \u00abaveriados\u00bb por el tiempo poni\u00e9ndolos de nuevo a disposici\u00f3n. Estas transformaciones y reparaciones se realizan tanto por CNC como manualmente, seg\u00fan sea necesario.<\/p><\/div>\n\t\t\t\t<\/div>\n\t\t\t\t<\/div>\n\t\t\t\t\t\t<\/div>\n\t\t\t<\/div>\n\t\t<\/div>\n\t\t\t\t\t\t<\/div>\n\t\t\t<\/div>\n\t\t<\/section>\n\t\t\t\t\t\t<\/div>\n\t\t\t<\/div>\n\t\t<\/div>\n\t\t","protected":false},"excerpt":{"rendered":"<p>MANTENIMIENTO Adem\u00e1s de los modelos nuevos, realizamos el mantenimiento y las transformaciones y reparaciones de los anteriores. Realizamos cambios en los modelos de dise\u00f1o, medida, alimentaci\u00f3n, para as\u00ed aprovechar el modelo anterior y adaptarlo a las nuevas necesidades. Tambi\u00e9n reparamos modelos obsoletos o \u00abaveriados\u00bb por el tiempo poni\u00e9ndolos de nuevo a disposici\u00f3n. Estas transformaciones y [&hellip;]<\/p>\n","protected":false},"author":1,"featured_media":0,"parent":0,"menu_order":0,"comment_status":"closed","ping_status":"closed","template":"elementor_header_footer","meta":[],"_links":{"self":[{"href":"http:\/\/gea.eus\/es\/wp-json\/wp\/v2\/pages\/1429"}],"collection":[{"href":"http:\/\/gea.eus\/es\/wp-json\/wp\/v2\/pages"}],"about":[{"href":"http:\/\/gea.eus\/es\/wp-json\/wp\/v2\/types\/page"}],"author":[{"embeddable":true,"href":"http:\/\/gea.eus\/es\/wp-json\/wp\/v2\/users\/1"}],"replies":[{"embeddable":true,"href":"http:\/\/gea.eus\/es\/wp-json\/wp\/v2\/comments?post=1429"}],"version-history":[{"count":8,"href":"http:\/\/gea.eus\/es\/wp-json\/wp\/v2\/pages\/1429\/revisions"}],"predecessor-version":[{"id":2128,"href":"http:\/\/gea.eus\/es\/wp-json\/wp\/v2\/pages\/1429\/revisions\/2128"}],"wp:attachment":[{"href":"http:\/\/gea.eus\/es\/wp-json\/wp\/v2\/media?parent=1429"}],"curies":[{"name":"wp","href":"https:\/\/api.w.org\/{rel}","templated":true}]}}