{"id":1424,"date":"2020-09-30T10:01:21","date_gmt":"2020-09-30T09:01:21","guid":{"rendered":"http:\/\/gea.eus\/?page_id=1424"},"modified":"2021-02-09T11:51:14","modified_gmt":"2021-02-09T10:51:14","slug":"materiales","status":"publish","type":"page","link":"http:\/\/gea.eus\/es\/materiales\/","title":{"rendered":"Materiales"},"content":{"rendered":"\t\t<div data-elementor-type=\"wp-page\" data-elementor-id=\"1424\" class=\"elementor elementor-1424 elementor-1206\" data-elementor-settings=\"[]\">\n\t\t\t<div class=\"elementor-inner\">\n\t\t\t\t<div class=\"elementor-section-wrap\">\n\t\t\t\t\t\t\t<section class=\"elementor-element elementor-element-3993e799 elementor-section-full_width elementor-section-height-default elementor-section-height-default elementor-section elementor-top-section\" data-id=\"3993e799\" data-element_type=\"section\" data-settings=\"{&quot;background_background&quot;:&quot;classic&quot;,&quot;shape_divider_bottom&quot;:&quot;triangle-asymmetrical&quot;,&quot;shape_divider_bottom_negative&quot;:&quot;yes&quot;}\">\n\t\t\t\t\t\t\t<div class=\"elementor-background-overlay\"><\/div>\n\t\t\t\t\t\t<div class=\"elementor-shape elementor-shape-bottom\" data-negative=\"true\">\n\t\t\t<svg xmlns=\"http:\/\/www.w3.org\/2000\/svg\" viewBox=\"0 0 1000 100\" preserveAspectRatio=\"none\">\n\t<path class=\"elementor-shape-fill\" d=\"M737.9,94.7L0,0v100h1000V0L737.9,94.7z\"\/>\n<\/svg>\t\t<\/div>\n\t\t\t\t\t<div class=\"elementor-container elementor-column-gap-default\">\n\t\t\t\t<div class=\"elementor-row\">\n\t\t\t\t<div class=\"elementor-element elementor-element-62b7a5a7 elementor-column elementor-col-100 elementor-top-column\" data-id=\"62b7a5a7\" data-element_type=\"column\">\n\t\t\t<div class=\"elementor-column-wrap  elementor-element-populated\">\n\t\t\t\t\t<div class=\"elementor-widget-wrap\">\n\t\t\t\t<div class=\"elementor-element elementor-element-2380a9ba elementor-widget elementor-widget-heading\" data-id=\"2380a9ba\" data-element_type=\"widget\" data-widget_type=\"heading.default\">\n\t\t\t\t<div class=\"elementor-widget-container\">\n\t\t\t<h2 class=\"elementor-heading-title elementor-size-default\">MATERIALES<\/h2>\t\t<\/div>\n\t\t\t\t<\/div>\n\t\t\t\t<div class=\"elementor-element elementor-element-7e5f078a elementor-widget elementor-widget-text-editor\" data-id=\"7e5f078a\" data-element_type=\"widget\" data-widget_type=\"text-editor.default\">\n\t\t\t\t<div class=\"elementor-widget-container\">\n\t\t\t\t\t<div class=\"elementor-text-editor elementor-clearfix\"><p><style>\n<!--<br \/> \/* Font Definitions *\/<br \/>@font-face<br \/>\t{font-family:\"Cambria Math\";<br \/>\tpanose-1:2 4 5 3 5 4 6 3 2 4;<br \/>\tmso-font-charset:0;<br \/>\tmso-generic-font-family:auto;<br \/>\tmso-font-pitch:variable;<br \/>\tmso-font-signature:3 0 0 0 1 0;}<br \/>@font-face<br \/>\t{font-family:Calibri;<br \/>\tpanose-1:2 15 5 2 2 2 4 3 2 4;<br \/>\tmso-font-charset:0;<br \/>\tmso-generic-font-family:auto;<br \/>\tmso-font-pitch:variable;<br \/>\tmso-font-signature:-520092929 1073786111 9 0 415 0;}<br \/> \/* Style Definitions *\/<br \/>p.MsoNormal, li.MsoNormal, div.MsoNormal<br \/>\t{mso-style-unhide:no;<br \/>\tmso-style-qformat:yes;<br \/>\tmso-style-parent:\"\";<br \/>\tmargin-top:0cm;<br \/>\tmargin-right:0cm;<br \/>\tmargin-bottom:8.0pt;<br \/>\tmargin-left:0cm;<br \/>\tline-height:107%;<br \/>\tmso-pagination:widow-orphan;<br \/>\tfont-size:11.0pt;<br \/>\tfont-family:Calibri;<br \/>\tmso-ascii-font-family:Calibri;<br \/>\tmso-ascii-theme-font:minor-latin;<br \/>\tmso-fareast-font-family:Calibri;<br \/>\tmso-fareast-theme-font:minor-latin;<br \/>\tmso-hansi-font-family:Calibri;<br \/>\tmso-hansi-theme-font:minor-latin;<br \/>\tmso-bidi-font-family:\"Times New Roman\";<br \/>\tmso-bidi-theme-font:minor-bidi;<br \/>\tmso-ansi-language:EU;<br \/>\tmso-fareast-language:EN-US;}<br \/>.MsoChpDefault<br \/>\t{mso-style-type:export-only;<br \/>\tmso-default-props:yes;<br \/>\tfont-size:11.0pt;<br \/>\tmso-ansi-font-size:11.0pt;<br \/>\tmso-bidi-font-size:11.0pt;<br \/>\tfont-family:Calibri;<br \/>\tmso-ascii-font-family:Calibri;<br \/>\tmso-ascii-theme-font:minor-latin;<br \/>\tmso-fareast-font-family:Calibri;<br \/>\tmso-fareast-theme-font:minor-latin;<br \/>\tmso-hansi-font-family:Calibri;<br \/>\tmso-hansi-theme-font:minor-latin;<br \/>\tmso-bidi-font-family:\"Times New Roman\";<br \/>\tmso-bidi-theme-font:minor-bidi;<br \/>\tmso-ansi-language:EU;<br \/>\tmso-fareast-language:EN-US;}<br \/>.MsoPapDefault<br \/>\t{mso-style-type:export-only;<br \/>\tmargin-bottom:8.0pt;<br \/>\tline-height:107%;}size:595.3pt 841.9pt;<br \/>\tmargin:70.85pt 3.0cm 70.85pt 3.0cm;<br \/>\tmso-header-margin:35.4pt;<br \/>\tmso-footer-margin:35.4pt;<br \/>\tmso-paper-source:0;}<br \/>div.WordSection1<br \/>\t{page:WordSection1;}<\/style>\n<\/p>\n<style type=\"text\/css\">\n\t\tp { margin-bottom: 0.25cm; line-height: 120% }<\/style>\n<p style=\"margin-bottom: 0cm; font-weight: normal; line-height: 100%\">\nA la hora de elaborar los modelos elegimos el material m\u00e1s adecuado a petici\u00f3n del cliente o en funci\u00f3n de las necesidades, siempre con el m\u00e1ximo nivel de calidad.<\/p>\n<p style=\"margin-bottom: 0cm; font-weight: normal; line-height: 100%\"><br><\/p>\n<p style=\"margin-bottom: 0cm; font-weight: normal; line-height: 100%\">La madera y la resina son nuestras materias primas m\u00e1s utilizadas. Trabajamos con diferentes tipos de madera, eligiendo en funci\u00f3n del uso que se le va a dar al modelo.<\/p>\n<p style=\"margin-bottom: 0cm; font-weight: normal; line-height: 100%\"><br><\/p>\n<p style=\"margin-bottom: 0cm; font-weight: normal; line-height: 100%\">En la resina tambi\u00e9n trabajamos de dos maneras diferentes mecanizando placas s\u00f3lidas de poliuretano o mediante resina l\u00edquida.<\/p><\/div>\n\t\t\t\t<\/div>\n\t\t\t\t<\/div>\n\t\t\t\t\t\t<\/div>\n\t\t\t<\/div>\n\t\t<\/div>\n\t\t\t\t\t\t<\/div>\n\t\t\t<\/div>\n\t\t<\/section>\n\t\t\t\t<section class=\"elementor-element elementor-element-1893feaf elementor-section-stretched elementor-section-full_width elementor-section-height-default elementor-section-height-default elementor-section elementor-top-section\" data-id=\"1893feaf\" data-element_type=\"section\" data-settings=\"{&quot;stretch_section&quot;:&quot;section-stretched&quot;}\">\n\t\t\t\t\t\t<div class=\"elementor-container elementor-column-gap-extended\">\n\t\t\t\t<div class=\"elementor-row\">\n\t\t\t\t\t\t<\/div>\n\t\t\t<\/div>\n\t\t<\/section>\n\t\t\t\t<section class=\"elementor-element elementor-element-7d01c1a4 elementor-section-boxed elementor-section-height-default elementor-section-height-default elementor-section elementor-top-section\" data-id=\"7d01c1a4\" data-element_type=\"section\">\n\t\t\t\t\t\t<div class=\"elementor-container elementor-column-gap-default\">\n\t\t\t\t<div class=\"elementor-row\">\n\t\t\t\t<div class=\"elementor-element elementor-element-615438f2 elementor-column elementor-col-100 elementor-top-column\" data-id=\"615438f2\" data-element_type=\"column\">\n\t\t\t<div class=\"elementor-column-wrap\">\n\t\t\t\t\t<div class=\"elementor-widget-wrap\">\n\t\t\t\t\t\t<\/div>\n\t\t\t<\/div>\n\t\t<\/div>\n\t\t\t\t\t\t<\/div>\n\t\t\t<\/div>\n\t\t<\/section>\n\t\t\t\t<section class=\"elementor-element elementor-element-790fcee3 elementor-section-boxed elementor-section-height-default elementor-section-height-default elementor-section elementor-top-section\" data-id=\"790fcee3\" data-element_type=\"section\">\n\t\t\t\t\t\t<div class=\"elementor-container elementor-column-gap-default\">\n\t\t\t\t<div class=\"elementor-row\">\n\t\t\t\t<div class=\"elementor-element elementor-element-2ff46636 elementor-column elementor-col-100 elementor-top-column\" data-id=\"2ff46636\" data-element_type=\"column\">\n\t\t\t<div class=\"elementor-column-wrap  elementor-element-populated\">\n\t\t\t\t\t<div class=\"elementor-widget-wrap\">\n\t\t\t\t<div class=\"elementor-element elementor-element-5661c8 elementor-widget elementor-widget-frel-alpha-slider\" data-id=\"5661c8\" data-element_type=\"widget\" data-widget_type=\"frel-alpha-slider.default\">\n\t\t\t\t<div class=\"elementor-widget-container\">\n\t\t\t<div class=\"cons_w_wrapper\"><div class=\"slider_version\">\r\n\t\t\t\t\t\t\t<div class=\"glax_slider_alpha\" data-desc-show=\"yes\" data-category-show=\"\" data-nav-types=\"square\" data-autoplay-switch=\"enabled\" data-autoplay-time=\"4500\" data-effect=\"cube\" data-progress=\"disabled\" data-box-pos=\"cl\" data-img-effect=\"enabled\" data-text-effect=\"enabled\">\r\n\t\t\t\t\t\t\t\t<div class=\"owl_control\">\r\n\t\t\t\t\t\t\t\t\t<div class=\"fn_prev\"><span><span class=\"a\"><\/span><span class=\"b\"><\/span><span class=\"c\"><\/span><\/span><\/div>\r\n\t\t\t\t\t\t\t\t\t<div class=\"fn_next\"><span><span class=\"a\"><\/span><span class=\"b\"><\/span><span class=\"c\"><\/span><\/span><\/div>\r\n\t\t\t\t\t\t\t\t<\/div>\r\n\t\t\t\t\t\t\t\t<div class=\"swiper-pagination\"><\/div>\r\n\t\t\t\t\t\t\t\t<div class=\"swiper-wrapper\"><div class=\"swiper-slide\">\r\n\t\t\t\t\t\t\t<div class=\"item\">\r\n\t\t\t\t\t\t\t\t<div class=\"img_holder\" data-bg-img=\"http:\/\/gea.eus\/wp-content\/uploads\/2020\/11\/Materialak-2.jpg\" data-src=\"http:\/\/gea.eus\/wp-content\/uploads\/2020\/11\/Materialak-2.jpg\">\r\n\t\t\t\t\t\t\t\t<\/div>\r\n\t\t\t\t\t\t\t\t<div class=\"title_holder\">\r\n\t\t\t\t\t\t\t\t\t<div class=\"inner\">\r\n\t\t\t\t\t\t\t\t\t\t<div class=\"in\">\r\n\t\t\t\t\t\t\t\t\t\t\t<p><span><\/span><\/p>\r\n\t\t\t\t\t\t\t\t\t\t\t<h3><span><\/span><\/h3>\r\n\t\t\t\t\t\t\t\t\t\t\t<div class=\"desc\"><span><span><\/div>\r\n\t\t\t\t\t\t\t\t\t\t<\/div>\r\n\t\t\t\t\t\t\t\t\t<\/div>\r\n\t\t\t\t\t\t\t\t<\/div>\r\n\t\t\t\t\t\t\t<\/div>\r\n\t\t\t\t\t\t <\/div><div class=\"swiper-slide\">\r\n\t\t\t\t\t\t\t<div class=\"item\">\r\n\t\t\t\t\t\t\t\t<div class=\"img_holder\" data-bg-img=\"http:\/\/gea.eus\/wp-content\/uploads\/2020\/07\/03-Tren.png\" data-src=\"http:\/\/gea.eus\/wp-content\/uploads\/2020\/07\/03-Tren.png\">\r\n\t\t\t\t\t\t\t\t<\/div>\r\n\t\t\t\t\t\t\t\t<div class=\"title_holder\">\r\n\t\t\t\t\t\t\t\t\t<div class=\"inner\">\r\n\t\t\t\t\t\t\t\t\t\t<div class=\"in\">\r\n\t\t\t\t\t\t\t\t\t\t\t<p><span><\/span><\/p>\r\n\t\t\t\t\t\t\t\t\t\t\t<h3><span><\/span><\/h3>\r\n\t\t\t\t\t\t\t\t\t\t\t<div class=\"desc\"><span><span><\/div>\r\n\t\t\t\t\t\t\t\t\t\t<\/div>\r\n\t\t\t\t\t\t\t\t\t<\/div>\r\n\t\t\t\t\t\t\t\t<\/div>\r\n\t\t\t\t\t\t\t<\/div>\r\n\t\t\t\t\t\t <\/div><div class=\"swiper-slide\">\r\n\t\t\t\t\t\t\t<div class=\"item\">\r\n\t\t\t\t\t\t\t\t<div class=\"img_holder\" data-bg-img=\"http:\/\/gea.eus\/wp-content\/uploads\/2020\/07\/02-Meatzaritza.png\" data-src=\"http:\/\/gea.eus\/wp-content\/uploads\/2020\/07\/02-Meatzaritza.png\">\r\n\t\t\t\t\t\t\t\t<\/div>\r\n\t\t\t\t\t\t\t\t<div class=\"title_holder\">\r\n\t\t\t\t\t\t\t\t\t<div class=\"inner\">\r\n\t\t\t\t\t\t\t\t\t\t<div class=\"in\">\r\n\t\t\t\t\t\t\t\t\t\t\t<p><span><\/span><\/p>\r\n\t\t\t\t\t\t\t\t\t\t\t<h3><span><\/span><\/h3>\r\n\t\t\t\t\t\t\t\t\t\t\t<div class=\"desc\"><span><span><\/div>\r\n\t\t\t\t\t\t\t\t\t\t<\/div>\r\n\t\t\t\t\t\t\t\t\t<\/div>\r\n\t\t\t\t\t\t\t\t<\/div>\r\n\t\t\t\t\t\t\t<\/div>\r\n\t\t\t\t\t\t <\/div><div class=\"swiper-slide\">\r\n\t\t\t\t\t\t\t<div class=\"item\">\r\n\t\t\t\t\t\t\t\t<div class=\"img_holder\" data-bg-img=\"http:\/\/gea.eus\/wp-content\/uploads\/2020\/07\/01-Meatzaritza.png\" data-src=\"http:\/\/gea.eus\/wp-content\/uploads\/2020\/07\/01-Meatzaritza.png\">\r\n\t\t\t\t\t\t\t\t<\/div>\r\n\t\t\t\t\t\t\t\t<div class=\"title_holder\">\r\n\t\t\t\t\t\t\t\t\t<div class=\"inner\">\r\n\t\t\t\t\t\t\t\t\t\t<div class=\"in\">\r\n\t\t\t\t\t\t\t\t\t\t\t<p><span><\/span><\/p>\r\n\t\t\t\t\t\t\t\t\t\t\t<h3><span><\/span><\/h3>\r\n\t\t\t\t\t\t\t\t\t\t\t<div class=\"desc\"><span><span><\/div>\r\n\t\t\t\t\t\t\t\t\t\t<\/div>\r\n\t\t\t\t\t\t\t\t\t<\/div>\r\n\t\t\t\t\t\t\t\t<\/div>\r\n\t\t\t\t\t\t\t<\/div>\r\n\t\t\t\t\t\t <\/div><div class=\"swiper-slide\">\r\n\t\t\t\t\t\t\t<div class=\"item\">\r\n\t\t\t\t\t\t\t\t<div class=\"img_holder\" data-bg-img=\"http:\/\/gea.eus\/wp-content\/uploads\/2020\/06\/IMG_20200519_100122-scaled.jpg\" data-src=\"http:\/\/gea.eus\/wp-content\/uploads\/2020\/06\/IMG_20200519_100122-scaled.jpg\">\r\n\t\t\t\t\t\t\t\t<\/div>\r\n\t\t\t\t\t\t\t\t<div class=\"title_holder\">\r\n\t\t\t\t\t\t\t\t\t<div class=\"inner\">\r\n\t\t\t\t\t\t\t\t\t\t<div class=\"in\">\r\n\t\t\t\t\t\t\t\t\t\t\t<p><span><\/span><\/p>\r\n\t\t\t\t\t\t\t\t\t\t\t<h3><span><\/span><\/h3>\r\n\t\t\t\t\t\t\t\t\t\t\t<div class=\"desc\"><span><span><\/div>\r\n\t\t\t\t\t\t\t\t\t\t<\/div>\r\n\t\t\t\t\t\t\t\t\t<\/div>\r\n\t\t\t\t\t\t\t\t<\/div>\r\n\t\t\t\t\t\t\t<\/div>\r\n\t\t\t\t\t\t <\/div><div class=\"swiper-slide\">\r\n\t\t\t\t\t\t\t<div class=\"item\">\r\n\t\t\t\t\t\t\t\t<div class=\"img_holder\" data-bg-img=\"http:\/\/gea.eus\/wp-content\/uploads\/2020\/11\/Materialak-3.jpg\" data-src=\"http:\/\/gea.eus\/wp-content\/uploads\/2020\/11\/Materialak-3.jpg\">\r\n\t\t\t\t\t\t\t\t<\/div>\r\n\t\t\t\t\t\t\t\t<div class=\"title_holder\">\r\n\t\t\t\t\t\t\t\t\t<div class=\"inner\">\r\n\t\t\t\t\t\t\t\t\t\t<div class=\"in\">\r\n\t\t\t\t\t\t\t\t\t\t\t<p><span><\/span><\/p>\r\n\t\t\t\t\t\t\t\t\t\t\t<h3><span><\/span><\/h3>\r\n\t\t\t\t\t\t\t\t\t\t\t<div class=\"desc\"><span><span><\/div>\r\n\t\t\t\t\t\t\t\t\t\t<\/div>\r\n\t\t\t\t\t\t\t\t\t<\/div>\r\n\t\t\t\t\t\t\t\t<\/div>\r\n\t\t\t\t\t\t\t<\/div>\r\n\t\t\t\t\t\t <\/div><div class=\"swiper-slide\">\r\n\t\t\t\t\t\t\t<div class=\"item\">\r\n\t\t\t\t\t\t\t\t<div class=\"img_holder\" data-bg-img=\"http:\/\/gea.eus\/wp-content\/uploads\/2020\/06\/IMG_20200313_144451-scaled.jpg\" data-src=\"http:\/\/gea.eus\/wp-content\/uploads\/2020\/06\/IMG_20200313_144451-scaled.jpg\">\r\n\t\t\t\t\t\t\t\t<\/div>\r\n\t\t\t\t\t\t\t\t<div class=\"title_holder\">\r\n\t\t\t\t\t\t\t\t\t<div class=\"inner\">\r\n\t\t\t\t\t\t\t\t\t\t<div class=\"in\">\r\n\t\t\t\t\t\t\t\t\t\t\t<p><span><\/span><\/p>\r\n\t\t\t\t\t\t\t\t\t\t\t<h3><span><\/span><\/h3>\r\n\t\t\t\t\t\t\t\t\t\t\t<div class=\"desc\"><span><span><\/div>\r\n\t\t\t\t\t\t\t\t\t\t<\/div>\r\n\t\t\t\t\t\t\t\t\t<\/div>\r\n\t\t\t\t\t\t\t\t<\/div>\r\n\t\t\t\t\t\t\t<\/div>\r\n\t\t\t\t\t\t <\/div><div class=\"swiper-slide\">\r\n\t\t\t\t\t\t\t<div class=\"item\">\r\n\t\t\t\t\t\t\t\t<div class=\"img_holder\" data-bg-img=\"http:\/\/gea.eus\/wp-content\/uploads\/2020\/06\/IMG_20200519_100407-scaled.jpg\" data-src=\"http:\/\/gea.eus\/wp-content\/uploads\/2020\/06\/IMG_20200519_100407-scaled.jpg\">\r\n\t\t\t\t\t\t\t\t<\/div>\r\n\t\t\t\t\t\t\t\t<div class=\"title_holder\">\r\n\t\t\t\t\t\t\t\t\t<div class=\"inner\">\r\n\t\t\t\t\t\t\t\t\t\t<div class=\"in\">\r\n\t\t\t\t\t\t\t\t\t\t\t<p><span><\/span><\/p>\r\n\t\t\t\t\t\t\t\t\t\t\t<h3><span><\/span><\/h3>\r\n\t\t\t\t\t\t\t\t\t\t\t<div class=\"desc\"><span><span><\/div>\r\n\t\t\t\t\t\t\t\t\t\t<\/div>\r\n\t\t\t\t\t\t\t\t\t<\/div>\r\n\t\t\t\t\t\t\t\t<\/div>\r\n\t\t\t\t\t\t\t<\/div>\r\n\t\t\t\t\t\t <\/div><div class=\"swiper-slide\">\r\n\t\t\t\t\t\t\t<div class=\"item\">\r\n\t\t\t\t\t\t\t\t<div class=\"img_holder\" data-bg-img=\"http:\/\/gea.eus\/wp-content\/uploads\/2020\/11\/Materialak-4.jpg\" data-src=\"http:\/\/gea.eus\/wp-content\/uploads\/2020\/11\/Materialak-4.jpg\">\r\n\t\t\t\t\t\t\t\t<\/div>\r\n\t\t\t\t\t\t\t\t<div class=\"title_holder\">\r\n\t\t\t\t\t\t\t\t\t<div class=\"inner\">\r\n\t\t\t\t\t\t\t\t\t\t<div class=\"in\">\r\n\t\t\t\t\t\t\t\t\t\t\t<p><span><\/span><\/p>\r\n\t\t\t\t\t\t\t\t\t\t\t<h3><span><\/span><\/h3>\r\n\t\t\t\t\t\t\t\t\t\t\t<div class=\"desc\"><span><span><\/div>\r\n\t\t\t\t\t\t\t\t\t\t<\/div>\r\n\t\t\t\t\t\t\t\t\t<\/div>\r\n\t\t\t\t\t\t\t\t<\/div>\r\n\t\t\t\t\t\t\t<\/div>\r\n\t\t\t\t\t\t <\/div><div class=\"swiper-slide\">\r\n\t\t\t\t\t\t\t<div class=\"item\">\r\n\t\t\t\t\t\t\t\t<div class=\"img_holder\" data-bg-img=\"http:\/\/gea.eus\/wp-content\/uploads\/2020\/07\/02-Balbuleria.png\" data-src=\"http:\/\/gea.eus\/wp-content\/uploads\/2020\/07\/02-Balbuleria.png\">\r\n\t\t\t\t\t\t\t\t<\/div>\r\n\t\t\t\t\t\t\t\t<div class=\"title_holder\">\r\n\t\t\t\t\t\t\t\t\t<div class=\"inner\">\r\n\t\t\t\t\t\t\t\t\t\t<div class=\"in\">\r\n\t\t\t\t\t\t\t\t\t\t\t<p><span><\/span><\/p>\r\n\t\t\t\t\t\t\t\t\t\t\t<h3><span><\/span><\/h3>\r\n\t\t\t\t\t\t\t\t\t\t\t<div class=\"desc\"><span><span><\/div>\r\n\t\t\t\t\t\t\t\t\t\t<\/div>\r\n\t\t\t\t\t\t\t\t\t<\/div>\r\n\t\t\t\t\t\t\t\t<\/div>\r\n\t\t\t\t\t\t\t<\/div>\r\n\t\t\t\t\t\t <\/div><div class=\"swiper-slide\">\r\n\t\t\t\t\t\t\t<div class=\"item\">\r\n\t\t\t\t\t\t\t\t<div class=\"img_holder\" data-bg-img=\"http:\/\/gea.eus\/wp-content\/uploads\/2020\/07\/P1060251.jpg\" data-src=\"http:\/\/gea.eus\/wp-content\/uploads\/2020\/07\/P1060251.jpg\">\r\n\t\t\t\t\t\t\t\t<\/div>\r\n\t\t\t\t\t\t\t\t<div class=\"title_holder\">\r\n\t\t\t\t\t\t\t\t\t<div class=\"inner\">\r\n\t\t\t\t\t\t\t\t\t\t<div class=\"in\">\r\n\t\t\t\t\t\t\t\t\t\t\t<p><span><\/span><\/p>\r\n\t\t\t\t\t\t\t\t\t\t\t<h3><span><\/span><\/h3>\r\n\t\t\t\t\t\t\t\t\t\t\t<div class=\"desc\"><span><span><\/div>\r\n\t\t\t\t\t\t\t\t\t\t<\/div>\r\n\t\t\t\t\t\t\t\t\t<\/div>\r\n\t\t\t\t\t\t\t\t<\/div>\r\n\t\t\t\t\t\t\t<\/div>\r\n\t\t\t\t\t\t <\/div><div class=\"swiper-slide\">\r\n\t\t\t\t\t\t\t<div class=\"item\">\r\n\t\t\t\t\t\t\t\t<div class=\"img_holder\" data-bg-img=\"http:\/\/gea.eus\/wp-content\/uploads\/2021\/02\/IMG_20210125_181833.jpg\" data-src=\"http:\/\/gea.eus\/wp-content\/uploads\/2021\/02\/IMG_20210125_181833.jpg\">\r\n\t\t\t\t\t\t\t\t<\/div>\r\n\t\t\t\t\t\t\t\t<div class=\"title_holder\">\r\n\t\t\t\t\t\t\t\t\t<div class=\"inner\">\r\n\t\t\t\t\t\t\t\t\t\t<div class=\"in\">\r\n\t\t\t\t\t\t\t\t\t\t\t<p><span><\/span><\/p>\r\n\t\t\t\t\t\t\t\t\t\t\t<h3><span><\/span><\/h3>\r\n\t\t\t\t\t\t\t\t\t\t\t<div class=\"desc\"><span><span><\/div>\r\n\t\t\t\t\t\t\t\t\t\t<\/div>\r\n\t\t\t\t\t\t\t\t\t<\/div>\r\n\t\t\t\t\t\t\t\t<\/div>\r\n\t\t\t\t\t\t\t<\/div>\r\n\t\t\t\t\t\t <\/div><div class=\"swiper-slide\">\r\n\t\t\t\t\t\t\t<div class=\"item\">\r\n\t\t\t\t\t\t\t\t<div class=\"img_holder\" data-bg-img=\"http:\/\/gea.eus\/wp-content\/uploads\/2021\/02\/IMG_20210125_181644-scaled.jpg\" data-src=\"http:\/\/gea.eus\/wp-content\/uploads\/2021\/02\/IMG_20210125_181644-scaled.jpg\">\r\n\t\t\t\t\t\t\t\t<\/div>\r\n\t\t\t\t\t\t\t\t<div class=\"title_holder\">\r\n\t\t\t\t\t\t\t\t\t<div class=\"inner\">\r\n\t\t\t\t\t\t\t\t\t\t<div class=\"in\">\r\n\t\t\t\t\t\t\t\t\t\t\t<p><span><\/span><\/p>\r\n\t\t\t\t\t\t\t\t\t\t\t<h3><span><\/span><\/h3>\r\n\t\t\t\t\t\t\t\t\t\t\t<div class=\"desc\"><span><span><\/div>\r\n\t\t\t\t\t\t\t\t\t\t<\/div>\r\n\t\t\t\t\t\t\t\t\t<\/div>\r\n\t\t\t\t\t\t\t\t<\/div>\r\n\t\t\t\t\t\t\t<\/div>\r\n\t\t\t\t\t\t <\/div><\/div><\/div><\/div><\/div>\t\t<\/div>\n\t\t\t\t<\/div>\n\t\t\t\t<div class=\"elementor-element elementor-element-18016fa elementor-widget elementor-widget-spacer\" data-id=\"18016fa\" data-element_type=\"widget\" data-widget_type=\"spacer.default\">\n\t\t\t\t<div class=\"elementor-widget-container\">\n\t\t\t\t\t<div class=\"elementor-spacer\">\n\t\t\t<div class=\"elementor-spacer-inner\"><\/div>\n\t\t<\/div>\n\t\t\t\t<\/div>\n\t\t\t\t<\/div>\n\t\t\t\t\t\t<\/div>\n\t\t\t<\/div>\n\t\t<\/div>\n\t\t\t\t\t\t<\/div>\n\t\t\t<\/div>\n\t\t<\/section>\n\t\t\t\t\t\t<\/div>\n\t\t\t<\/div>\n\t\t<\/div>\n\t\t","protected":false},"excerpt":{"rendered":"<p>MATERIALES A la hora de elaborar los modelos elegimos el material m\u00e1s adecuado a petici\u00f3n del cliente o en funci\u00f3n de las necesidades, siempre con el m\u00e1ximo nivel de calidad. La madera y la resina son nuestras materias primas m\u00e1s utilizadas. Trabajamos con diferentes tipos de madera, eligiendo en funci\u00f3n del uso que se le [&hellip;]<\/p>\n","protected":false},"author":1,"featured_media":0,"parent":0,"menu_order":0,"comment_status":"closed","ping_status":"closed","template":"elementor_header_footer","meta":[],"_links":{"self":[{"href":"http:\/\/gea.eus\/es\/wp-json\/wp\/v2\/pages\/1424"}],"collection":[{"href":"http:\/\/gea.eus\/es\/wp-json\/wp\/v2\/pages"}],"about":[{"href":"http:\/\/gea.eus\/es\/wp-json\/wp\/v2\/types\/page"}],"author":[{"embeddable":true,"href":"http:\/\/gea.eus\/es\/wp-json\/wp\/v2\/users\/1"}],"replies":[{"embeddable":true,"href":"http:\/\/gea.eus\/es\/wp-json\/wp\/v2\/comments?post=1424"}],"version-history":[{"count":11,"href":"http:\/\/gea.eus\/es\/wp-json\/wp\/v2\/pages\/1424\/revisions"}],"predecessor-version":[{"id":2169,"href":"http:\/\/gea.eus\/es\/wp-json\/wp\/v2\/pages\/1424\/revisions\/2169"}],"wp:attachment":[{"href":"http:\/\/gea.eus\/es\/wp-json\/wp\/v2\/media?parent=1424"}],"curies":[{"name":"wp","href":"https:\/\/api.w.org\/{rel}","templated":true}]}}